{"id":45,"date":"2024-05-14T16:58:50","date_gmt":"2024-05-14T14:58:50","guid":{"rendered":"https:\/\/truhnet.cz\/about-us\/"},"modified":"2024-05-15T17:06:47","modified_gmt":"2024-05-15T15:06:47","slug":"o-nas","status":"publish","type":"page","link":"https:\/\/truhnet.cz\/en\/o-nas\/","title":{"rendered":"O n\u00e1s"},"content":{"rendered":"<section class=\"bde-section-45-100 bde-section\">\n  \n  \n\t\n\n\n\n<div class=\"section-container\"><h1 class=\"bde-heading-45-101 bde-heading\">\nO n\u00e1s\n<\/h1><div class=\"bde-text-45-102 bde-text\">\nPokud pot\u0159ebujete d\u0159ev\u011bn\u00e1 okna, a\u0165 u\u017e kastlov\u00e1 nebo \u0161paletov\u00e1, repliky atypick\u00fdch historick\u00fdch oken, EURO okna profil IV68, d\u0159ev\u011bn\u00e9 kazetov\u00e9 dve\u0159e, s oblo\u017ekov\u00fdmi z\u00e1rubn\u011bmi i bez, zimn\u00ed zahrady, nebo t\u0159eba n\u00e1bytek z masivu, r\u00e1d je pro V\u00e1s vyrob\u00edm.\n<\/div><div class=\"bde-image-45-103 bde-image\">\n<figure class=\"breakdance-image breakdance-image--69\">\n\t<div class=\"breakdance-image-container\">\n\t\t<div class=\"breakdance-image-clip\"><img loading=\"lazy\" decoding=\"async\" class=\"breakdance-image-object\" src=\"https:\/\/breakdancelibrary.com\/photography\/wp-content\/uploads\/sites\/27\/2023\/01\/arrow-down-icon.png\" width=\"47\" height=\"88\" sizes=\"auto, (max-width: 47px) 100vw, 47px\"><\/div>\n\t<\/div><\/figure>\n\n<\/div><div class=\"bde-back-to-top-45-184 bde-back-to-top bde-back-to-top--icon is-sticky\">\n\n\n<button aria-label=\"Back to top\" tabindex=\"0\" class=\"bde-back-to-top__button bde-back-to-top__button--icon bde-back-to-top__button--show-always bde-back-to-top__button--animation-fade is-sticky  js-ee-back-to-top\">\n         <div class=\"bde-back-to-top__icon-wrap\">\n              <svg xmlns=\"http:\/\/www.w3.org\/2000\/svg\" viewbox=\"0 0 384 512\"><!--! Font Awesome Pro 6.2.0 by @fontawesome - https:\/\/fontawesome.com License - https:\/\/fontawesome.com\/license (Commercial License) Copyright 2022 Fonticons, Inc. --><path d=\"M214.6 57.4L192 34.7 169.4 57.4l-144 144L2.7 224 48 269.2l22.6-22.6L160 157.2V448v32h64V448 157.2l89.4 89.4L336 269.2 381.3 224l-22.6-22.6-144-144z\"\/><\/svg>\n          <\/div>\n    <\/button>\n\n\n<\/div><div class=\"bde-columns-45-104 bde-columns\"><div class=\"bde-column-45-105 bde-column\">\n  \n  \n\t\n\n\n\n<h2 class=\"bde-heading-45-107 bde-heading\">\nKdo jsme?\n<\/h2><div class=\"bde-text-45-108 bde-text\">\nV dne\u0161n\u00ed dob\u011b je k v\u00fdrob\u011b kvalitn\u00edch produkt\u016f pot\u0159eba jak \u0159emesln\u00fd um, tak kvalitn\u00ed strojn\u00ed i technick\u00e9 z\u00e1zem\u00ed. N\u00e1\u0161 t\u00fdm truhl\u00e1\u0159\u016f rozum\u00ed v\u00fdkresov\u00e9 dokumentaci a je schopen dodat v\u00fdrobek v po\u017eadovan\u00fdch parametrech a kvalit\u011b. D\u00e1le um\u00ed identifikovat technick\u00e9 disharmonie a navrhnout lep\u0161\u00ed technick\u00e1 \u0159e\u0161en\u00ed. M\u00e1me hlubok\u00e9 znalosti v propo\u010dtech d\u0159ev\u011bn\u00fdch konstrukc\u00ed, nap\u0159\u00edklad samonosn\u00fdch schodi\u0161\u0165, a sledujeme nov\u00e9 trendy v konstrukc\u00edch a spojovac\u00edm materi\u00e1lu.\n<\/div>\n<\/div><div class=\"bde-column-45-106 bde-column\">\n  \n  \n\t\n\n\n\n<div class=\"bde-image-45-116 bde-image\">\n<figure class=\"breakdance-image breakdance-image--25\">\n\t<div class=\"breakdance-image-container\">\n\t\t<div class=\"breakdance-image-clip\"><img loading=\"lazy\" decoding=\"async\" class=\"breakdance-image-object\" src=\"https:\/\/truhnet.cz\/wp-content\/uploads\/2024\/05\/Netolicky-25.jpg\" width=\"1024\" height=\"760\" srcset=\"https:\/\/truhnet.cz\/wp-content\/uploads\/2024\/05\/Netolicky-25.jpg 1024w, https:\/\/truhnet.cz\/wp-content\/uploads\/2024\/05\/Netolicky-25-300x223.jpg 300w, https:\/\/truhnet.cz\/wp-content\/uploads\/2024\/05\/Netolicky-25-768x570.jpg 768w\" sizes=\"auto, (max-width: 1024px) 100vw, 1024px\"><\/div>\n\t<\/div><\/figure>\n\n<\/div>\n<\/div><\/div><\/div>\n<\/section><section class=\"bde-section-45-117 bde-section\">\n  \n  \n\t\n\n\n\n<div class=\"section-container\"><div class=\"bde-columns-45-188 bde-columns\"><div class=\"bde-column-45-189 bde-column\">\n  \n  \n\t\n\n\n\n<h2 class=\"bde-heading-45-186 bde-heading\">\nNa\u0161e filozofie\n<\/h2>\n<\/div><div class=\"bde-column-45-190 bde-column\">\n  \n  \n\t\n\n\n\n<div class=\"bde-text-45-191 bde-text\">\nMou v\u00e1\u0161n\u00ed je pr\u00e1ce truhl\u00e1\u0159\u016f, je\u017e p\u0159e\u017eila stalet\u00ed, a n\u00e1sleduji tradice star\u00fdch mistr\u016f, kte\u0159\u00ed tvo\u0159ili nekompromisn\u011b dob\u0159e. M\u00e1m r\u00e1d klienty, kte\u0159\u00ed jsou n\u00e1ro\u010dn\u00ed a oce\u0148uj\u00ed kvalitu zpracov\u00e1n\u00ed a bezchybnou funk\u010dnost v\u00fdrobk\u016f, a kte\u0159\u00ed stejn\u011b jako j\u00e1 nehledaj\u00ed kompromisy. Mohu z\u00e1kazn\u00edkovi nab\u00eddnout cenov\u011b \u0161etrn\u011bj\u0161\u00ed \u0159e\u0161en\u00ed jeho popt\u00e1vky, v\u017edy ale mus\u00ed b\u00fdt zachov\u00e1na pln\u00e1 funk\u010dnost a bezpe\u010dnost v\u00fdrobku.\n<\/div>\n<\/div><\/div><\/div>\n<\/section><section class=\"bde-section-45-135 bde-section\">\n  \n  \n\t\n\n\n\n<div class=\"section-container\"><div class=\"bde-div-45-136 bde-div\">\n  \n  \n\t\n\n\n\n<h2 class=\"bde-heading-45-137 bde-heading\">\nOur values\n<\/h2><div class=\"bde-text-45-138 bde-text\">\nOur work is based on openness, fair dealing, the highest quality and diligence. We confirm these values with each completed project. Expect maximum professionalism and a personal approach from us.\n<\/div>\n<\/div><div class=\"bde-fancy-divider-45-139 bde-fancy-divider\">\n\n\n<div class=\"bde-fancy-divider__wrapper\">\n  <div class=\"bde-fancy-divider__separator\">\n  \t  <\/div>\n<\/div>\n\n<\/div><div class=\"bde-div-45-140 bde-div\">\n  \n  \n\t\n\n\n\n<div class=\"bde-image-box-45-141 bde-image-box\">\n<div class=\"ee-imagebox-image\">\n  <img loading=\"lazy\" decoding=\"async\" class=\"breakdance-image-object\" src=\"https:\/\/breakdancelibrary.com\/photography\/wp-content\/uploads\/sites\/27\/2023\/01\/number1_capturelife.png\" width=\"28\" height=\"24\" sizes=\"auto, (max-width: 28px) 100vw, 28px\">\n<\/div>\n<div class=\"ee-imagebox-content\">\n      <h3 class=\"ee-imagebox-title bde-h3\" >Openness<\/h3>\n    \n      <div class=\"ee-imagebox-text\" >We always pay attention to openness in our dealings and strive to achieve mutual satisfaction.<\/div>\n    \n  <\/div>\n\n<\/div><div class=\"bde-image-box-45-142 bde-image-box\">\n<div class=\"ee-imagebox-image\">\n  <img loading=\"lazy\" decoding=\"async\" class=\"breakdance-image-object\" src=\"https:\/\/breakdancelibrary.com\/photography\/wp-content\/uploads\/sites\/27\/2023\/01\/number2_capturelife.png\" width=\"34\" height=\"24\" sizes=\"auto, (max-width: 34px) 100vw, 34px\">\n<\/div>\n<div class=\"ee-imagebox-content\">\n      <h3 class=\"ee-imagebox-title bde-h3\" >Care and experience<\/h3>\n    \n      <div class=\"ee-imagebox-text\" >Everything is personally guaranteed by our care and experience, which guarantees the highest quality of each product.<\/div>\n    \n  <\/div>\n\n<\/div><div class=\"bde-image-box-45-143 bde-image-box\">\n<div class=\"ee-imagebox-image\">\n  <img loading=\"lazy\" decoding=\"async\" class=\"breakdance-image-object\" src=\"https:\/\/breakdancelibrary.com\/photography\/wp-content\/uploads\/sites\/27\/2023\/01\/number3_capturelife.png\" width=\"35\" height=\"24\" sizes=\"auto, (max-width: 35px) 100vw, 35px\">\n<\/div>\n<div class=\"ee-imagebox-content\">\n      <h3 class=\"ee-imagebox-title bde-h3\" >Quality<\/h3>\n    \n      <div class=\"ee-imagebox-text\" >We are proud to be able to offer our clients a complete service, from consultation and orientation to professional installation.<\/div>\n    \n  <\/div>\n\n<\/div>\n<\/div><\/div>\n<\/section><section class=\"bde-section-45-195 bde-section\">\n  \n  \n\t\n\n\n\n<div class=\"section-container\"><div class=\"bde-columns-45-202 bde-columns\"><div class=\"bde-column-45-203 bde-column\">\n  \n  \n\t\n\n\n\n<h2 class=\"bde-heading-45-206 bde-heading\">\nn\u00e1\u0161 t\u00fdm\n<\/h2><div class=\"bde-text-45-208 bde-text\">\nI make the windows myself with the help of several long-term employees. This is the only way I can ensure and personally guarantee the best care and quality for my clients and their windows. You will receive your windows or doors from us including all accompanying services, so to speak on a turnkey basis.\n<\/div><div class=\"bde-image-45-210 bde-image\">\n<figure class=\"breakdance-image breakdance-image--184\">\n\t<div class=\"breakdance-image-container\">\n\t\t<div class=\"breakdance-image-clip\"><img loading=\"lazy\" decoding=\"async\" class=\"breakdance-image-object\" src=\"https:\/\/truhnet.cz\/wp-content\/uploads\/2024\/05\/G-D_19-1.jpg\" width=\"1500\" height=\"1125\" srcset=\"https:\/\/truhnet.cz\/wp-content\/uploads\/2024\/05\/G-D_19-1.jpg 1500w, https:\/\/truhnet.cz\/wp-content\/uploads\/2024\/05\/G-D_19-1-300x225.jpg 300w, https:\/\/truhnet.cz\/wp-content\/uploads\/2024\/05\/G-D_19-1-1024x768.jpg 1024w, https:\/\/truhnet.cz\/wp-content\/uploads\/2024\/05\/G-D_19-1-768x576.jpg 768w\" sizes=\"auto, (max-width: 1500px) 100vw, 1500px\"><\/div>\n\t<\/div><\/figure>\n\n<\/div>\n<\/div><div class=\"bde-column-45-204 bde-column\">\n  \n  \n\t\n\n\n\n<h2 class=\"bde-heading-45-207 bde-heading\">\nA family tradition\n<\/h2><div class=\"bde-text-45-209 bde-text\">\nThis is me with my daughter Magdalena. My daughter will tell you: &quot;It&#039;s sometimes difficult when my father is a carpenter and Netolicky on top of that. But sometimes it has its good sides. When I was little, I often had planers in my hair, on my T-shirt and actually everywhere. Dad he carved a special cradle for me just before I was born...well, I didn&#039;t sleep in it, but a lot of children slept in it. He also made a crib for me, and I liked it that way he does it with enthusiasm and love. I often go to the workshops to look at new windows and doors. I&#039;ve been talking to many of my dad&#039;s customers ever since I learned to speak.&quot;<br><br>\n<\/div><div class=\"bde-image-45-211 bde-image\">\n<figure class=\"breakdance-image breakdance-image--247\">\n\t<div class=\"breakdance-image-container\">\n\t\t<div class=\"breakdance-image-clip\"><img loading=\"lazy\" decoding=\"async\" class=\"breakdance-image-object\" src=\"https:\/\/truhnet.cz\/wp-content\/uploads\/2024\/05\/Netol_3-5.jpg\" width=\"1024\" height=\"760\" srcset=\"https:\/\/truhnet.cz\/wp-content\/uploads\/2024\/05\/Netol_3-5.jpg 1024w, https:\/\/truhnet.cz\/wp-content\/uploads\/2024\/05\/Netol_3-5-300x223.jpg 300w, https:\/\/truhnet.cz\/wp-content\/uploads\/2024\/05\/Netol_3-5-768x570.jpg 768w\" sizes=\"auto, (max-width: 1024px) 100vw, 1024px\"><\/div>\n\t<\/div><\/figure>\n\n<\/div>\n<\/div><\/div><\/div>\n<\/section>","protected":false},"excerpt":{"rendered":"<p>O n\u00e1s Pokud pot\u0159ebujete d\u0159ev\u011bn\u00e1 okna, a\u0165 u\u017e kastlov\u00e1 nebo \u0161paletov\u00e1, repliky atypick\u00fdch historick\u00fdch oken, EURO okna profil IV68, d\u0159ev\u011bn\u00e9 kazetov\u00e9 dve\u0159e, s oblo\u017ekov\u00fdmi z\u00e1rubn\u011bmi i bez, zimn\u00ed zahrady, nebo t\u0159eba n\u00e1bytek z masivu, r\u00e1d je pro V\u00e1s vyrob\u00edm. Kdo jsme? V dne\u0161n\u00ed dob\u011b je k v\u00fdrob\u011b kvalitn\u00edch produkt\u016f pot\u0159eba jak \u0159emesln\u00fd um, tak kvalitn\u00ed [&hellip;]<\/p>","protected":false},"author":2,"featured_media":0,"parent":0,"menu_order":0,"comment_status":"closed","ping_status":"closed","template":"","meta":{"_breakdance_hide_in_design_set":false,"_breakdance_tags":"","footnotes":""},"class_list":["post-45","page","type-page","status-publish","hentry"],"yoast_head":"<!-- This site is optimized with the Yoast SEO Premium plugin v22.6 (Yoast SEO v23.0) - https:\/\/yoast.com\/wordpress\/plugins\/seo\/ -->\n<title>O n\u00e1s<\/title>\n<meta name=\"robots\" content=\"index, follow, max-snippet:-1, max-image-preview:large, max-video-preview:-1\" \/>\n<link rel=\"canonical\" href=\"https:\/\/truhnet.cz\/en\/o-nas\/\" \/>\n<meta property=\"og:locale\" content=\"en_US\" \/>\n<meta property=\"og:type\" content=\"article\" \/>\n<meta property=\"og:title\" content=\"O n\u00e1s\" \/>\n<meta property=\"og:description\" content=\"O n\u00e1s Pokud pot\u0159ebujete d\u0159ev\u011bn\u00e1 okna, a\u0165 u\u017e kastlov\u00e1 nebo \u0161paletov\u00e1, repliky atypick\u00fdch historick\u00fdch oken, EURO okna profil IV68, d\u0159ev\u011bn\u00e9 kazetov\u00e9 dve\u0159e, s oblo\u017ekov\u00fdmi z\u00e1rubn\u011bmi i bez, zimn\u00ed zahrady, nebo t\u0159eba n\u00e1bytek z masivu, r\u00e1d je pro V\u00e1s vyrob\u00edm. Kdo jsme? V dne\u0161n\u00ed dob\u011b je k v\u00fdrob\u011b kvalitn\u00edch produkt\u016f pot\u0159eba jak \u0159emesln\u00fd um, tak kvalitn\u00ed [&hellip;]\" \/>\n<meta property=\"og:url\" content=\"https:\/\/truhnet.cz\/en\/o-nas\/\" \/>\n<meta property=\"og:site_name\" content=\"Truhnet.cz\" \/>\n<meta property=\"article:modified_time\" content=\"2024-05-15T15:06:47+00:00\" \/>\n<meta name=\"twitter:card\" content=\"summary_large_image\" \/>\n<script type=\"application\/ld+json\" class=\"yoast-schema-graph\">{\"@context\":\"https:\/\/schema.org\",\"@graph\":[{\"@type\":\"WebPage\",\"@id\":\"https:\/\/truhnet.cz\/o-nas\/\",\"url\":\"https:\/\/truhnet.cz\/o-nas\/\",\"name\":\"O n\u00e1s\",\"isPartOf\":{\"@id\":\"https:\/\/truhnet.cz\/#website\"},\"datePublished\":\"2024-05-14T14:58:50+00:00\",\"dateModified\":\"2024-05-15T15:06:47+00:00\",\"breadcrumb\":{\"@id\":\"https:\/\/truhnet.cz\/o-nas\/#breadcrumb\"},\"inLanguage\":\"en-US\",\"potentialAction\":[{\"@type\":\"ReadAction\",\"target\":[\"https:\/\/truhnet.cz\/o-nas\/\"]}]},{\"@type\":\"BreadcrumbList\",\"@id\":\"https:\/\/truhnet.cz\/o-nas\/#breadcrumb\",\"itemListElement\":[{\"@type\":\"ListItem\",\"position\":1,\"name\":\"Dom\u016f\",\"item\":\"https:\/\/truhnet.cz\/\"},{\"@type\":\"ListItem\",\"position\":2,\"name\":\"O n\u00e1s\"}]},{\"@type\":\"WebSite\",\"@id\":\"https:\/\/truhnet.cz\/#website\",\"url\":\"https:\/\/truhnet.cz\/\",\"name\":\"Truhnet.cz | Truhl\u00e1\u0159stv\u00ed\",\"description\":\"Rodinn\u00e9 truhl\u00e1\u0159stv\u00ed Netolick\u00fd\",\"alternateName\":\"Truhl\u00e1\u0159stv\u00ed Netolick\u00fd\",\"potentialAction\":[{\"@type\":\"SearchAction\",\"target\":{\"@type\":\"EntryPoint\",\"urlTemplate\":\"https:\/\/truhnet.cz\/?s={search_term_string}\"},\"query-input\":\"required name=search_term_string\"}],\"inLanguage\":\"en-US\"}]}<\/script>\n<!-- \/ Yoast SEO Premium plugin. -->","yoast_head_json":{"title":"O n\u00e1s","robots":{"index":"index","follow":"follow","max-snippet":"max-snippet:-1","max-image-preview":"max-image-preview:large","max-video-preview":"max-video-preview:-1"},"canonical":"https:\/\/truhnet.cz\/en\/o-nas\/","og_locale":"en_US","og_type":"article","og_title":"O n\u00e1s","og_description":"O n\u00e1s Pokud pot\u0159ebujete d\u0159ev\u011bn\u00e1 okna, a\u0165 u\u017e kastlov\u00e1 nebo \u0161paletov\u00e1, repliky atypick\u00fdch historick\u00fdch oken, EURO okna profil IV68, d\u0159ev\u011bn\u00e9 kazetov\u00e9 dve\u0159e, s oblo\u017ekov\u00fdmi z\u00e1rubn\u011bmi i bez, zimn\u00ed zahrady, nebo t\u0159eba n\u00e1bytek z masivu, r\u00e1d je pro V\u00e1s vyrob\u00edm. Kdo jsme? V dne\u0161n\u00ed dob\u011b je k v\u00fdrob\u011b kvalitn\u00edch produkt\u016f pot\u0159eba jak \u0159emesln\u00fd um, tak kvalitn\u00ed [&hellip;]","og_url":"https:\/\/truhnet.cz\/en\/o-nas\/","og_site_name":"Truhnet.cz","article_modified_time":"2024-05-15T15:06:47+00:00","twitter_card":"summary_large_image","schema":{"@context":"https:\/\/schema.org","@graph":[{"@type":"WebPage","@id":"https:\/\/truhnet.cz\/o-nas\/","url":"https:\/\/truhnet.cz\/o-nas\/","name":"O n\u00e1s","isPartOf":{"@id":"https:\/\/truhnet.cz\/#website"},"datePublished":"2024-05-14T14:58:50+00:00","dateModified":"2024-05-15T15:06:47+00:00","breadcrumb":{"@id":"https:\/\/truhnet.cz\/o-nas\/#breadcrumb"},"inLanguage":"en-US","potentialAction":[{"@type":"ReadAction","target":["https:\/\/truhnet.cz\/o-nas\/"]}]},{"@type":"BreadcrumbList","@id":"https:\/\/truhnet.cz\/o-nas\/#breadcrumb","itemListElement":[{"@type":"ListItem","position":1,"name":"Dom\u016f","item":"https:\/\/truhnet.cz\/"},{"@type":"ListItem","position":2,"name":"O n\u00e1s"}]},{"@type":"WebSite","@id":"https:\/\/truhnet.cz\/#website","url":"https:\/\/truhnet.cz\/","name":"Truhnet.cz | Truhl\u00e1\u0159stv\u00ed","description":"Rodinn\u00e9 truhl\u00e1\u0159stv\u00ed Netolick\u00fd","alternateName":"Truhl\u00e1\u0159stv\u00ed Netolick\u00fd","potentialAction":[{"@type":"SearchAction","target":{"@type":"EntryPoint","urlTemplate":"https:\/\/truhnet.cz\/?s={search_term_string}"},"query-input":"required name=search_term_string"}],"inLanguage":"en-US"}]}},"_links":{"self":[{"href":"https:\/\/truhnet.cz\/en\/wp-json\/wp\/v2\/pages\/45","targetHints":{"allow":["GET"]}}],"collection":[{"href":"https:\/\/truhnet.cz\/en\/wp-json\/wp\/v2\/pages"}],"about":[{"href":"https:\/\/truhnet.cz\/en\/wp-json\/wp\/v2\/types\/page"}],"author":[{"embeddable":true,"href":"https:\/\/truhnet.cz\/en\/wp-json\/wp\/v2\/users\/2"}],"replies":[{"embeddable":true,"href":"https:\/\/truhnet.cz\/en\/wp-json\/wp\/v2\/comments?post=45"}],"version-history":[{"count":14,"href":"https:\/\/truhnet.cz\/en\/wp-json\/wp\/v2\/pages\/45\/revisions"}],"predecessor-version":[{"id":248,"href":"https:\/\/truhnet.cz\/en\/wp-json\/wp\/v2\/pages\/45\/revisions\/248"}],"wp:attachment":[{"href":"https:\/\/truhnet.cz\/en\/wp-json\/wp\/v2\/media?parent=45"}],"curies":[{"name":"wp","href":"https:\/\/api.w.org\/{rel}","templated":true}]}}